{"id":301,"date":"2022-12-21T20:25:35","date_gmt":"2022-12-21T20:25:35","guid":{"rendered":"https:\/\/echo-jv.fr\/?page_id=301"},"modified":"2022-12-21T20:25:38","modified_gmt":"2022-12-21T20:25:38","slug":"mentions-legals","status":"publish","type":"page","link":"https:\/\/echo-jv.fr\/index.php\/mentions-legals\/","title":{"rendered":"Mentions l\u00e9gals"},"content":{"rendered":"<style>\/*! elementor - v3.8.0 - 30-10-2022 *\/\n.elementor-heading-title{padding:0;margin:0;line-height:1}.elementor-widget-heading .elementor-heading-title[class*=elementor-size-]>a{color:inherit;font-size:inherit;line-height:inherit}.elementor-widget-heading .elementor-heading-title.elementor-size-small{font-size:15px}.elementor-widget-heading .elementor-heading-title.elementor-size-medium{font-size:19px}.elementor-widget-heading .elementor-heading-title.elementor-size-large{font-size:29px}.elementor-widget-heading .elementor-heading-title.elementor-size-xl{font-size:39px}.elementor-widget-heading .elementor-heading-title.elementor-size-xxl{font-size:59px}<\/style>\n<h2>Mentions l\u00e9gales<\/h2>\n<p><br role=\"presentation\">En vigueur au 21\/12\/2022<br role=\"presentation\">Conform\u00e9ment aux dispositions des Articles 6-III et 19 de la Loi n\u00b02004-575 du 21 juin 2004 pour la<br role=\"presentation\">Confiance dans l\u2019\u00e9conomie num\u00e9rique, dite L.C.E.N., il est port\u00e9 \u00e0 la connaissance des utilisateurs et<br role=\"presentation\">visiteurs, ci-apr\u00e8s l\u00a0\u00bb\u00a0\u00bbUtilisateur\u00a0\u00bb, du site https:\/\/echo-jv.fr , ci-apr\u00e8s le \u00ab\u00a0Site\u00a0\u00bb, les pr\u00e9sentes mentions<br role=\"presentation\">l\u00e9gales.<br role=\"presentation\">La connexion et la navigation sur le Site par l\u2019Utilisateur implique acceptation int\u00e9grale et sans r\u00e9serve<br role=\"presentation\">des pr\u00e9sentes mentions l\u00e9gales.<br role=\"presentation\">Ces derni\u00e8res sont accessibles sur le Site \u00e0 la rubrique \u00ab Mentions l\u00e9gales \u00bb.<br role=\"presentation\">ARTICLE 1 &#8211; L&rsquo;EDITEUR<br role=\"presentation\">L&rsquo;\u00e9dition du Site est assur\u00e9e par Freyium studio sas au capital de 10 euros, immatricul\u00e9e au Registre<br role=\"presentation\">du Commerce et des Soci\u00e9t\u00e9s de paris sous le num\u00e9ro 919979773 dont le si\u00e8ge social est situ\u00e9 au 66<br role=\"presentation\">Avenue DES CHAMPS ELYSEES ,<br role=\"presentation\">Adresse e-mail : Freyium@outlook.fr.<br role=\"presentation\">N\u00b0 de TVA intracommunautaire : FR77919979773<br role=\"presentation\">Le Directeur de la publication est Romefort lionel<br role=\"presentation\">ci-apr\u00e8s l'\u00a0\u00bbEditeur\u00a0\u00bb.<br role=\"presentation\">ARTICLE 2 &#8211; L&rsquo;HEBERGEUR<br role=\"presentation\">L&rsquo;h\u00e9bergeur du Site est la soci\u00e9t\u00e9 Hostinger International Ltd, dont le si\u00e8ge social est situ\u00e9 au 61 rue<br role=\"presentation\">Lordou Vironos, 6023<br role=\"presentation\">ARTICLE 3 &#8211; ACCES AU SITE<br role=\"presentation\">Le Site est accessible en tout endroit, 7j\/7, 24h\/24 sauf cas de force majeure, interruption<br role=\"presentation\">programm\u00e9e ou non et pouvant d\u00e9coulant d\u2019une n\u00e9cessit\u00e9 de maintenance.<br role=\"presentation\">En cas de modification, interruption ou suspension du Site, l&rsquo;Editeur ne saurait \u00eatre tenu responsable.<br role=\"presentation\">ARTICLE 4 &#8211; COLLECTE DES DONNEES<br role=\"presentation\">Le site est exempt\u00e9 de d\u00e9claration \u00e0 la Commission Nationale Informatique et Libert\u00e9s (CNIL) dans la<br role=\"presentation\">mesure o\u00f9 il ne collecte aucune donn\u00e9e concernant les utilisateurs.<br role=\"presentation\">Toute utilisation, reproduction, diffusion, commercialisation, modification de toute ou partie du Site,sans autorisation de l\u2019Editeur est prohib\u00e9e et pourra entra\u00een\u00e9e des actions et poursuites judiciaires<br role=\"presentation\">telles que notamment pr\u00e9vues par le Code de la propri\u00e9t\u00e9 intellectuelle et le Code civil<\/p>\n","protected":false},"excerpt":{"rendered":"<p>Mentions l\u00e9gales En vigueur au 21\/12\/2022Conform\u00e9ment aux dispositions des Articles 6-III et 19 de la Loi n\u00b02004-575 du 21 juin [&hellip;]<\/p>\n","protected":false},"author":1,"featured_media":0,"parent":0,"menu_order":0,"comment_status":"closed","ping_status":"closed","template":"","meta":{"site-sidebar-layout":"default","site-content-layout":"","ast-site-content-layout":"","site-content-style":"default","site-sidebar-style":"default","ast-global-header-display":"","ast-banner-title-visibility":"","ast-main-header-display":"","ast-hfb-above-header-display":"","ast-hfb-below-header-display":"","ast-hfb-mobile-header-display":"","site-post-title":"","ast-breadcrumbs-content":"","ast-featured-img":"","footer-sml-layout":"","theme-transparent-header-meta":"","adv-header-id-meta":"","stick-header-meta":"","header-above-stick-meta":"","header-main-stick-meta":"","header-below-stick-meta":"","astra-migrate-meta-layouts":"default","ast-page-background-enabled":"default","ast-page-background-meta":{"desktop":{"background-color":"var(--ast-global-color-5)","background-image":"","background-repeat":"repeat","background-position":"center center","background-size":"auto","background-attachment":"scroll","background-type":"","background-media":"","overlay-type":"","overlay-color":"","overlay-opacity":"","overlay-gradient":""},"tablet":{"background-color":"","background-image":"","background-repeat":"repeat","background-position":"center center","background-size":"auto","background-attachment":"scroll","background-type":"","background-media":"","overlay-type":"","overlay-color":"","overlay-opacity":"","overlay-gradient":""},"mobile":{"background-color":"","background-image":"","background-repeat":"repeat","background-position":"center center","background-size":"auto","background-attachment":"scroll","background-type":"","background-media":"","overlay-type":"","overlay-color":"","overlay-opacity":"","overlay-gradient":""}},"ast-content-background-meta":{"desktop":{"background-color":"var(--ast-global-color-4)","background-image":"","background-repeat":"repeat","background-position":"center center","background-size":"auto","background-attachment":"scroll","background-type":"","background-media":"","overlay-type":"","overlay-color":"","overlay-opacity":"","overlay-gradient":""},"tablet":{"background-color":"var(--ast-global-color-4)","background-image":"","background-repeat":"repeat","background-position":"center center","background-size":"auto","background-attachment":"scroll","background-type":"","background-media":"","overlay-type":"","overlay-color":"","overlay-opacity":"","overlay-gradient":""},"mobile":{"background-color":"var(--ast-global-color-4)","background-image":"","background-repeat":"repeat","background-position":"center center","background-size":"auto","background-attachment":"scroll","background-type":"","background-media":"","overlay-type":"","overlay-color":"","overlay-opacity":"","overlay-gradient":""}},"footnotes":""},"class_list":["post-301","page","type-page","status-publish","hentry"],"_links":{"self":[{"href":"https:\/\/echo-jv.fr\/index.php\/wp-json\/wp\/v2\/pages\/301","targetHints":{"allow":["GET"]}}],"collection":[{"href":"https:\/\/echo-jv.fr\/index.php\/wp-json\/wp\/v2\/pages"}],"about":[{"href":"https:\/\/echo-jv.fr\/index.php\/wp-json\/wp\/v2\/types\/page"}],"author":[{"embeddable":true,"href":"https:\/\/echo-jv.fr\/index.php\/wp-json\/wp\/v2\/users\/1"}],"replies":[{"embeddable":true,"href":"https:\/\/echo-jv.fr\/index.php\/wp-json\/wp\/v2\/comments?post=301"}],"version-history":[{"count":7,"href":"https:\/\/echo-jv.fr\/index.php\/wp-json\/wp\/v2\/pages\/301\/revisions"}],"predecessor-version":[{"id":308,"href":"https:\/\/echo-jv.fr\/index.php\/wp-json\/wp\/v2\/pages\/301\/revisions\/308"}],"wp:attachment":[{"href":"https:\/\/echo-jv.fr\/index.php\/wp-json\/wp\/v2\/media?parent=301"}],"curies":[{"name":"wp","href":"https:\/\/api.w.org\/{rel}","templated":true}]}}